{"id":919,"date":"2020-04-29T09:24:01","date_gmt":"2020-04-29T07:24:01","guid":{"rendered":"http:\/\/neu.bemaro.net\/data-protection\/"},"modified":"2024-04-17T09:44:58","modified_gmt":"2024-04-17T07:44:58","slug":"data-protection","status":"publish","type":"page","link":"https:\/\/bemaro.net\/en\/data-protection\/","title":{"rendered":"Data protection"},"content":{"rendered":"\t\t<div data-elementor-type=\"wp-page\" data-elementor-id=\"919\" class=\"elementor elementor-919 elementor-302\">\n\t\t\t\t<div class=\"elementor-element elementor-element-7196b838 e-flex e-con-boxed e-con e-parent\" data-id=\"7196b838\" data-element_type=\"container\" data-e-type=\"container\">\n\t\t\t\t\t<div class=\"e-con-inner\">\n\t\t\t\t<div class=\"elementor-element elementor-element-3f568d7c elementor-widget elementor-widget-text-editor\" data-id=\"3f568d7c\" data-element_type=\"widget\" data-e-type=\"widget\" data-widget_type=\"text-editor.default\">\n\t\t\t\t<div class=\"elementor-widget-container\">\n\t\t\t\t\t\t\t\t\t<section class=\"wp-block-uagb-section uagb-section__wrap uagb-section__background-color uagb-block-72f25d12\"><div class=\"uagb-section__inner-wrap\"><section class=\"wp-block-uagb-columns uagb-columns__wrap uagb-columns__background-none uagb-columns__stack-mobile uagb-columns__valign-undefined uagb-columns__gap-10 alignundefined uagb-block-ada9a852\"><div class=\"uagb-columns__inner-wrap uagb-columns__columns-2\"><h2 class=\"wp-block-uagb-column uagb-column__wrap uagb-column__background-color uagb-block-f4957a4b\">Data protection<\/h2><div>\u00a0<\/div><div class=\"wp-block-uagb-column uagb-column__wrap uagb-column__background-color uagb-block-f4957a4b\">Wir m\u00f6chten Sie nachfolgend \u00fcber die Verarbeitung personenbezogener Daten im Rahmen der Nutzung unserer Internetseiten informieren.<\/div><p><strong>Verantwortlicher f\u00fcr diese Internetseiten ist die<\/strong><\/p><\/div><\/section><\/div><\/section>\t\t\t\t\t\t\t\t<\/div>\n\t\t\t\t<\/div>\n\t\t\t\t<div class=\"elementor-element elementor-element-c6be787 elementor-widget elementor-widget-text-editor\" data-id=\"c6be787\" data-element_type=\"widget\" data-e-type=\"widget\" data-widget_type=\"text-editor.default\">\n\t\t\t\t<div class=\"elementor-widget-container\">\n\t\t\t\t\t\t\t\t\t<section class=\"wp-block-uagb-section uagb-section__wrap uagb-section__background-color uagb-block-72f25d12\"><div class=\"uagb-section__inner-wrap\"><section class=\"wp-block-uagb-columns uagb-columns__wrap uagb-columns__background-none uagb-columns__stack-mobile uagb-columns__valign-undefined uagb-columns__gap-10 alignundefined uagb-block-ada9a852\"><div class=\"uagb-columns__inner-wrap uagb-columns__columns-2\"><p><strong>BEMARO GMBH <br \/>BETEILIGUNGSMANAGEMENT<\/strong><\/p><p>Ludwig-Berg-Str. 5<br \/>DE-50354 H\u00fcrth<br \/>Deutschland \/ Germany<\/p><p>Vertreten durch den Gesch\u00e4ftsf\u00fchrer:<br \/>Mario Rosso<\/p><p>Mobile: +49 179 4973723<br \/>E-Mail: <a href=\"mailto:mr@bemaro.net\">mr@bemaro.net<\/a><\/p><\/div><\/section><\/div><\/section>\t\t\t\t\t\t\t\t<\/div>\n\t\t\t\t<\/div>\n\t\t\t\t<div class=\"elementor-element elementor-element-94ec4fd elementor-widget elementor-widget-text-editor\" data-id=\"94ec4fd\" data-element_type=\"widget\" data-e-type=\"widget\" data-widget_type=\"text-editor.default\">\n\t\t\t\t<div class=\"elementor-widget-container\">\n\t\t\t\t\t\t\t\t\t<section class=\"wp-block-uagb-section uagb-section__wrap uagb-section__background-color uagb-block-72f25d12\"><div class=\"uagb-section__inner-wrap\"><section class=\"wp-block-uagb-columns uagb-columns__wrap uagb-columns__background-none uagb-columns__stack-mobile uagb-columns__valign-undefined uagb-columns__gap-10 alignundefined uagb-block-ada9a852\"><div class=\"uagb-columns__inner-wrap uagb-columns__columns-2\"><h2 class=\"wp-block-uagb-column uagb-column__wrap uagb-column__background-color uagb-block-f4957a4b\">Data protection<\/h2><div>\u00a0<\/div><div class=\"wp-block-uagb-column uagb-column__wrap uagb-column__background-color uagb-block-f4957a4b\">Wir m\u00f6chten Sie nachfolgend \u00fcber die Verarbeitung personenbezogener Daten im Rahmen der Nutzung unserer Internetseiten informieren.<\/div><p><strong>Verantwortlicher f\u00fcr diese Internetseiten ist die<\/strong> BEMARO GMBH BETEILIGUNGSMANAGEMENT<\/p><p>Ludwig-Berg-Str. 5<br \/>DE-50354 H\u00fcrth<br \/>Deutschland \/ Germany<\/p><p>Vertreten durch den Gesch\u00e4ftsf\u00fchrer:<br \/>Mario Rosso<\/p><p>Tel.: +4922337130464<br \/>E-Mail: <a href=\"mailto:mr@bemaro.net\">mr@bemaro.net<\/a><\/p><p><strong>Welche Daten werden verarbeitet?<\/strong><\/p><p><strong>Rechtsgrundlagen der Datenverarbeitung<\/strong><\/p><p>Um Ihnen unsere Internetseite und die damit verbundenen Dienstleistungen anbieten zu k\u00f6nnen, verarbeiten wir personenbezogene Daten auf Basis folgender Rechtsgrundlagen:<\/p><ul><li>Einwilligung (Art. 6 Abs. 1 lit. a) DSGVO)<\/li><li>zur Erf\u00fcllung von Vertr\u00e4gen (Art. 6 Abs. 1 lit. b) DSGVO<\/li><li>auf Basis einer Interessenabw\u00e4gung (Art. 6 Abs. 1 lit. f) DSGVO)<\/li><li>zur Erf\u00fcllung einer rechtlichen Verpflichtung (Art. 6 Abs. 1 lit. c) DSGVO)<\/li><\/ul><p>Wir werden im Zusammenhang mit der jeweiligen Verarbeitung auf die entsprechenden Begrifflichkeiten Bezug nehmen, so dass Sie einordnen k\u00f6nnen, auf welcher Basis wir personenbezogene Daten verarbeiten.<br \/>Wenn personenbezogene Daten auf Grundlage einer Einwilligung von Ihnen verarbeitet werden, haben Sie das Recht, die Einwilligung jederzeit mit Wirkung f\u00fcr die Zukunft uns gegen\u00fcber zu widerrufen.<br \/>Wenn wir Daten auf Basis einer Interessenabw\u00e4gung verarbeiten, haben Sie als Betroffene\/r das Recht, unter Ber\u00fccksichtigung der Vorgaben von Art. 21 DSGVO der Verarbeitung der personenbezogenen Daten zu widersprechen.<\/p><p><strong>Zugriffsdaten<\/strong><\/p><p>Wenn Sie unsere Internetseiten besuchen, werden personenbezogene Daten verarbeitet, um Ihnen die Inhalte der Internetseite auf Ihrem Endger\u00e4t anzeigen zu k\u00f6nnen.<br \/>Damit die Seiten in Ihrem Browser dargestellt werden k\u00f6nnen, muss die IP-Adresse des von Ihnen verwendeten Endger\u00e4ts verarbeitet werden. Hinzu kommen weitere Information \u00fcber den Browser Ihres Endger\u00e4ts.<br \/>Wir sind datenschutzrechtlich verpflichtet, auch die Vertraulichkeit und Integrit\u00e4t der mit unseren IT-Systemen verarbeiteten personenbezogenen Daten zu gew\u00e4hrleisten.<br \/>F\u00fcr diesen Zweck und aus diesem Interesse werden auf Basis einer Interessenabw\u00e4gung nachfolgende Daten protokolliert:<\/p><ul><li>IP-Adresse des aufrufenden Rechners (f\u00fcr maximal 7 Tage)<\/li><li>Betriebssystem des aufrufenden Rechners<\/li><li>Browser Version des aufrufenden Rechners<\/li><li>Name der abgerufenen Datei<\/li><li>Datum und Uhrzeit des Abrufs<\/li><li>\u00fcbertragene Datenmenge<\/li><li>Verweisende URL<\/li><\/ul><p>Die IP-Adresse wird nach sp\u00e4testens 7 Tagen von allen Systemen, die im Zusammenhang mit dem Betrieb dieser Internetseiten verwendet werden, gel\u00f6scht. Einen Personenbezug k\u00f6nnen wir aus den verbleibenden Daten dann nicht mehr herstellen. Die Daten werden ferner auch verwendet, um Fehler auf den Internetseiten ermitteln und beheben zu k\u00f6nnen.<\/p><p><strong>Kontaktformular Shop<\/strong><\/p><p>Wir bieten auf unserer Internetseite ein Kontaktformular an, \u00fcber das Sie Informationen zu unseren Produkten oder Dienstleistungen anfordern, bestellen oder allgemein Kontakt aufnehmen k\u00f6nnen. Die von Ihnen zwingend zur Beantwortung einer Anfrage erforderlichen Daten haben wir als Pflichtfelder gekennzeichnet. Angaben zu weiteren Datenfeldern sind freiwillig.<br \/>Wir ben\u00f6tigen diese Angaben, um Ihre Anfrage zu bearbeiten, Sie korrekt anzusprechen und Ihnen eine Antwort zukommen zu lassen. Die Datenverarbeitung erfolgt bei konkreten Anfragen zur Erf\u00fcllung eines Vertrages bzw. der Vertragsanbahnung. Bei allgemeinen Anfragen erfolgt die Verarbeitung auf Basis einer Interessenabw\u00e4gung.<\/p><p>Anfragen, die \u00fcber das Kontaktformular unserer Internetseite eingehen, werden bei uns elektronisch verarbeitet, um Ihre Anfrage zu beantworten. In dem Zusammenhang erhalten ggf. auch weitere Personen oder Abteilungen und ggf. Dritte Kenntnis von den Formularinhalten, die Sie \u00fcbersendet haben.<\/p><p>Die \u00dcbermittlung der Formular-Daten \u00fcber das Internet erfolgt \u00fcber verschl\u00fcsselte Verbindungen.<\/p><p>F\u00fcr den Betrieb unseres Online-Shops und das Bestellen von Waren und\/oder Dienstleistungen werden ebenfalls personenbezogene Daten verarbeitet. Dies erfolgt im Hinblick auf die Shop-Funktionen grunds\u00e4tzlich zur Anbahnung bzw. Erf\u00fcllung von Vertr\u00e4gen zum Kauf bzw. den Bezug unserer Waren und Dienstleister. Rechtsgrundlage: Erf\u00fcllung von Vertr\u00e4gen (Art. 6 Abs. 1 lit. b) DSGVO Im Hinblick auf die Anzeige von passenden Produkten in Ihrem Endger\u00e4t verarbeiten wir Daten aus der Nutzung des Online-Shops auf Basis einer Interessenabw\u00e4gung. Rechtsgrundlage: Interessenabw\u00e4gung (Art. 6 Abs. 1 lit. f) DSGVO).<\/p><p><strong>Cookies<\/strong><\/p><p>Auf unseren Internetseiten kommen Cookies zum Einsatz. Cookies sind kleine Textinformationen, die \u00fcber ihren Browser in Ihrem Endger\u00e4t gespeichert werden. Die Cookies sind erforderlich, um bestimmte Funktionen unserer Internetseiten zu erm\u00f6glichen.<br \/>Wir nutzen dabei sowohl Session-Cookies, die unmittelbar nach Beendigung des Besuchs der Internetseiten automatisch von Ihrem Browser gel\u00f6scht werden.<br \/>Wir nutzen auf unserer Seite folgende Cookies:<\/p><figure class=\"wp-block-table is-style-regular\"><table class=\"has-fixed-layout\"><tbody><tr><th>Kategorien<\/th><th>Anbieter<\/th><th>Cookie<\/th><th>Speicherdauer<\/th><th>Eigenschaften und Zweck der Cookies<\/th><\/tr><tr><td>Notwendig<\/td><td>Cookie_usage<\/td><td>Consent<\/td><td>10 Jahre<\/td><td>Speichert die Einstellung zur Nutzung von Cookies.<\/td><\/tr><tr><td>Notwendig<\/td><td>phpsesid<\/td><td>\u00a0<\/td><td>Session<\/td><td>Speichert die Session des Users mit einer eindeutigen ID.<\/td><\/tr><tr><td>Statistik<\/td><td>_ga<\/td><td>Consent<\/td><td>2 Jahre<\/td><td>Verwendet von Google Analytics um Benutzer zu unterscheiden und Statistiken zu erstellen.<\/td><\/tr><tr><td>Statistik<\/td><td>_gid<\/td><td>\u00a0<\/td><td>1 Tag<\/td><td>Verwendet von Google Analytics um Benutzer zu unterscheiden und Statistiken zu erstellen.<\/td><\/tr><\/tbody><\/table><\/figure><p>Alle vorgenannten Cookies sind zum Betrieb unserer Internetseite zwingend erforderlich. Ein Einsatz von nicht zwingend erforderlichen Cookies erfolgt nur durch eine Einwilligung. In diesen F\u00e4llen wird Ihnen auf der Internetseite ein entsprechendens Einwilligungsformular angezeigt.<\/p><p>Sie haben die M\u00f6glichkeit, das Setzen von Cookies durch entsprechende Einstellungen in Ihrem Browser zu unterbinden. Wir weisen jedoch darauf hin, dass die Nutzung unserer Internetseiten dann ggf. nur eingeschr\u00e4nkt m\u00f6glich ist. Durch Cookies werden keine Programme oder sonstige Applikationen auf Ihrem Rechner installiert oder gestartet.<\/p><p>Der Einsatz von Cookies erfolgt auf Basis einer Interessenabw\u00e4gung. Unser Interesse ist der bedienungsfreundliche Besuch unserer Internetseiten.<\/p><p><strong>Webanalyse<\/strong><\/p><p>Auf dieser Website kommt das Webanalyse-Tool \u201cGoogle Analytics\u201d und der Google-Tagmanager zum Einsatz, eine Dienstleistung, die von Google Ireland Limited angeboten wird. Zweck des Einsatzes ist die \u201ebedarfsgerechte Gestaltung\u201c dieser Internetseite, die auf Basis einer Interessenabw\u00e4gung durchgef\u00fchrt wird. Die Webanalyse erm\u00f6glicht uns au\u00dferdem, Fehler der Internetseite z.B. durch fehlerhafte Links zu erkennen und zu beheben.<\/p><p>Google Analytics verwendet sog. \u201eCookies\u201c. Welche Cookies wir setzen entnehmen Sie bitte der entsprechenden Stelle oben. Die durch das Cookie erzeugten Informationen \u00fcber Ihre Benutzung dieser Website werden in der Regel an einen Server von Google in den USA \u00fcbertragen und dort gespeichert. Da wir die sog. IP-Anonymisierung auf dieser Website aktiviert und einen entsprechenden Auftragsverarbeitungsvertrag mit Google abgeschlossen haben, wird Ihre IP-Adresse von Google jedoch innerhalb von Mitgliedstaaten der Europ\u00e4ischen Union oder in anderen Vertragsstaaten des Abkommens \u00fcber den Europ\u00e4ischen Wirtschaftsraum zuvor gek\u00fcrzt. Nur in Ausnahmef\u00e4llen wird die volle IP-Adresse an einen Server von Google in den USA \u00fcbertragen und dort gek\u00fcrzt.<\/p><p>Google in den USA ist nach dem sog. \u201ePrivacy Shield\u201c zertifiziert (Listeneintrag). Ein angemessenes Datenschutzniveau wird von Google garantiert.<\/p><p>Sie k\u00f6nnen die Erfassung der durch das Cookie erzeugten und auf Ihre Nutzung der Website bezogenen Daten (inkl. Ihrer IP-Adresse) an Google sowie die Verarbeitung dieser Daten durch Google verhindern, indem sie das unter dem folgenden Link (http:\/\/tools.google.com\/dlpage\/gaoptout?hl=de) verf\u00fcgbare Browser-Plugin herunterladen und installieren.<\/p><p>Alternativ k\u00f6nnen Sie \u2013 insbesondere bei mobilen Endger\u00e4ten \u2013 die Erfassung durch Google Analytics verhindern, indem Sie auf folgenden Link klicken. Dann wird ein Opt-Out-Cookie gesetzt, der die zuk\u00fcnftige Erfassung Ihrer Daten beim Besuch dieser Website verhindert: Google Analytics deaktivieren Analyse-Cookie<\/p><p>N\u00e4here Informationen zu den Nutzungsbedingungen von Google Analytics und zu Datenschutzhinweisen finden Sie unter: <a href=\"https:\/\/policies.google.com\/privacy\">https:\/\/policies.google.com\/privacy<\/a> Rechtsgrundlage: Einwilligung (Art. 6 Abs. 1 lit. a) DSGVO)<\/p><p>Rechtsgrundlage: Einwilligung (Art. 6 Abs. 1 lit. a) DSGVO)<\/p><p><strong>Zwecke der Verarbeitung personenbezogener Daten<\/strong><\/p><p>Die vorgenannten Daten verarbeiten wir f\u00fcr den Betrieb unserer Internetseite und f\u00fcr Erf\u00fcllung von vertraglichen Pflichten gegen\u00fcber unseren Kunden bzw. der Wahrung unserer berechtigten Interessen.<\/p><p>Bei Anfragen von Ihnen au\u00dferhalb eines aktiven Kundenverh\u00e4ltnisses verarbeiten wir die Daten f\u00fcr Zwecke des Vertriebs und der Werbung. Sie k\u00f6nnen einer Verwendung Ihrer personenbezogenen Daten f\u00fcr Werbezwecke jederzeit widersprechen.<\/p><p><strong>Freiwillige Angaben<\/strong><\/p><p>Soweit Sie Daten uns gegen\u00fcber z.B. in Formularen freiwillig angeben und diese f\u00fcr die Erf\u00fcllung unserer vertraglichen Pflichten nicht erforderlich sind, verarbeiten wir diese Daten in der berechtigten Annahme, dass die Verarbeitung und Verwendung dieser Daten in Ihrem Interesse ist.<\/p><p><strong>Empf\u00e4nger \/ Weitergabe von Daten<\/strong><\/p><p>Daten, die Sie uns gegen\u00fcber angeben, werden grunds\u00e4tzlich nicht an Dritte weitergegeben. Insbesondere werden Ihre Daten nicht an Dritte f\u00fcr deren Werbezwecke weitergegeben.<\/p><p>Wir setzen jedoch ggf. Dienstleister f\u00fcr den Betrieb dieser Internetseiten oder f\u00fcr weitere Produkte oder Dienstleistungen von uns ein. Hier kann es vorkommen, dass ein Dienstleister Kenntnis von personenbezogenen Daten erh\u00e4lt Wir w\u00e4hlen unsere Dienstleister sorgf\u00e4ltig \u2013 insbesondere im Hinblick auf Datenschutz und Datensicherheit \u2013 aus und treffen alle datenschutzrechtlich erforderlichen Ma\u00dfnahmen f\u00fcr eine zul\u00e4ssige Datenverarbeitung.<\/p><p><strong>Datenverarbeitung au\u00dferhalb der Europ\u00e4ischen Union<\/strong><\/p><p>Soweit personenbezogene Daten au\u00dferhalb der europ\u00e4ischen Union verarbeitet werden, k\u00f6nnen Sie dies den vorherigen Ausf\u00fchrungen entnehmen.<\/p><p><strong>Datenschutzbeauftragter<\/strong><\/p><p>Wir haben f\u00fcr unser Unternehmen einen Datenschutzbeauftragten bestellt.<\/p><p>Kompass Datenschutz GmbH<br \/>Bahnstr. 21<br \/>50858 K\u00f6ln<br \/>Telefon: 02233\/6290596<br \/>E-Mail: buero (@ ) kompass-datenschutz.de<\/p><p><strong>Ihre Rechte als Betroffene\/r<\/strong><\/p><p>Sie haben das Recht auf Auskunft \u00fcber die Sie betreffenden personenbezogenen Daten. Sie k\u00f6nnen sich f\u00fcr eine Auskunft jederzeit an uns wenden.<\/p><p>Bei einer Auskunftsanfrage, die nicht schriftlich erfolgt, bitten wir um Verst\u00e4ndnis daf\u00fcr, dass wir ggf. Nachweise von Ihnen verlangen, die belegen, dass Sie die Person sind, f\u00fcr die Sie sich ausgeben.<\/p><p>Ferner haben Sie ein Recht auf Berichtigung oder L\u00f6schung oder auf Einschr\u00e4nkung der Verarbeitung, soweit Ihnen dies gesetzlich zusteht. Schlie\u00dflich haben Sie ein Widerspruchsrecht gegen die Verarbeitung im Rahmen der gesetzlichen Vorgaben.<br \/>Ein Recht auf Daten\u00fcbertragbarkeit besteht ebenfalls im Rahmen der datenschutzrechtlichen Vorgaben.<\/p><p><strong>L\u00f6schung von Daten<\/strong><\/p><p>Wir l\u00f6schen personenbezogene Daten grunds\u00e4tzlich dann, wenn kein Erfordernis f\u00fcr eine weitere Speicherung besteht. Ein Erfordernis kann insbesondere dann bestehen, wenn die Daten noch ben\u00f6tigt werden, um vertragliche Leistungen zur erf\u00fcllen, Gew\u00e4hrleistungs- und ggf. Garantieanspr\u00fcche pr\u00fcfen und gew\u00e4hren oder abwehren zu k\u00f6nnen. Im Falle von gesetzlichen Aufbewahrungspflichten kommt eine L\u00f6schung erst nach Ablauf der jeweiligen Aufbewahrungspflicht in Betracht.<\/p><p><strong>Beschwerderecht bei einer Aufsichtsbeh\u00f6rde<\/strong><\/p><p>Sie haben das Recht, sich \u00fcber die Verarbeitung personenbezogenen Daten durch uns bei einer Aufsichtsbeh\u00f6rde f\u00fcr den Datenschutz zu beschweren.<\/p><p><strong>\u00c4nderung dieser Datenschutzhinweise<\/strong><\/p><p>Wir \u00fcberarbeiten diese Datenschutzhinweise bei \u00c4nderungen an dieser Internetseite oder bei sonstigen Anl\u00e4ssen, die dies erforderlich machen. Die jeweils aktuelle Fassung finden Sie stets auf dieser Internetseite.<\/p><p>Stand: 25.08.2022<\/p><\/div><\/section><\/div><\/section>\t\t\t\t\t\t\t\t<\/div>\n\t\t\t\t<\/div>\n\t\t\t\t\t<\/div>\n\t\t\t\t<\/div>\n\t\t\t\t<\/div>\n\t\t","protected":false},"excerpt":{"rendered":"<p>Data protection \u00a0Wir m\u00f6chten Sie nachfolgend \u00fcber die Verarbeitung personenbezogener Daten im Rahmen der Nutzung unserer Internetseiten informieren. Verantwortlicher f\u00fcr diese Internetseiten ist die BEMARO GMBH BETEILIGUNGSMANAGEMENT Ludwig-Berg-Str. 5DE-50354 H\u00fcrthDeutschland \/ Germany Vertreten durch den Gesch\u00e4ftsf\u00fchrer:Mario Rosso Mobile: +49 179 4973723E-Mail: mr@bemaro.net Data protection \u00a0Wir m\u00f6chten Sie nachfolgend \u00fcber die Verarbeitung personenbezogener Daten im Rahmen [&hellip;]<\/p>\n","protected":false},"author":1,"featured_media":0,"parent":0,"menu_order":0,"comment_status":"closed","ping_status":"closed","template":"","meta":{"_acf_changed":false,"inline_featured_image":false,"site-sidebar-layout":"no-sidebar","site-content-layout":"page-builder","ast-site-content-layout":"default","site-content-style":"default","site-sidebar-style":"default","ast-global-header-display":"","ast-banner-title-visibility":"","ast-main-header-display":"","ast-hfb-above-header-display":"","ast-hfb-below-header-display":"","ast-hfb-mobile-header-display":"","site-post-title":"disabled","ast-breadcrumbs-content":"","ast-featured-img":"disabled","footer-sml-layout":"","ast-disable-related-posts":"","theme-transparent-header-meta":"default","adv-header-id-meta":"","stick-header-meta":"default","header-above-stick-meta":"","header-main-stick-meta":"","header-below-stick-meta":"","astra-migrate-meta-layouts":"default","ast-page-background-enabled":"default","ast-page-background-meta":{"desktop":{"background-color":"","background-image":"","background-repeat":"repeat","background-position":"center center","background-size":"auto","background-attachment":"scroll","background-type":"","background-media":"","overlay-type":"","overlay-color":"","overlay-opacity":"","overlay-gradient":""},"tablet":{"background-color":"","background-image":"","background-repeat":"repeat","background-position":"center center","background-size":"auto","background-attachment":"scroll","background-type":"","background-media":"","overlay-type":"","overlay-color":"","overlay-opacity":"","overlay-gradient":""},"mobile":{"background-color":"","background-image":"","background-repeat":"repeat","background-position":"center center","background-size":"auto","background-attachment":"scroll","background-type":"","background-media":"","overlay-type":"","overlay-color":"","overlay-opacity":"","overlay-gradient":""}},"ast-content-background-meta":{"desktop":{"background-color":"var(--ast-global-color-5)","background-image":"","background-repeat":"repeat","background-position":"center center","background-size":"auto","background-attachment":"scroll","background-type":"","background-media":"","overlay-type":"","overlay-color":"","overlay-opacity":"","overlay-gradient":""},"tablet":{"background-color":"var(--ast-global-color-5)","background-image":"","background-repeat":"repeat","background-position":"center center","background-size":"auto","background-attachment":"scroll","background-type":"","background-media":"","overlay-type":"","overlay-color":"","overlay-opacity":"","overlay-gradient":""},"mobile":{"background-color":"var(--ast-global-color-5)","background-image":"","background-repeat":"repeat","background-position":"center center","background-size":"auto","background-attachment":"scroll","background-type":"","background-media":"","overlay-type":"","overlay-color":"","overlay-opacity":"","overlay-gradient":""}},"footnotes":""},"class_list":["post-919","page","type-page","status-publish","hentry"],"acf":[],"_links":{"self":[{"href":"https:\/\/bemaro.net\/en\/wp-json\/wp\/v2\/pages\/919","targetHints":{"allow":["GET"]}}],"collection":[{"href":"https:\/\/bemaro.net\/en\/wp-json\/wp\/v2\/pages"}],"about":[{"href":"https:\/\/bemaro.net\/en\/wp-json\/wp\/v2\/types\/page"}],"author":[{"embeddable":true,"href":"https:\/\/bemaro.net\/en\/wp-json\/wp\/v2\/users\/1"}],"replies":[{"embeddable":true,"href":"https:\/\/bemaro.net\/en\/wp-json\/wp\/v2\/comments?post=919"}],"version-history":[{"count":23,"href":"https:\/\/bemaro.net\/en\/wp-json\/wp\/v2\/pages\/919\/revisions"}],"predecessor-version":[{"id":1122,"href":"https:\/\/bemaro.net\/en\/wp-json\/wp\/v2\/pages\/919\/revisions\/1122"}],"wp:attachment":[{"href":"https:\/\/bemaro.net\/en\/wp-json\/wp\/v2\/media?parent=919"}],"curies":[{"name":"wp","href":"https:\/\/api.w.org\/{rel}","templated":true}]}}